{"id":3406,"date":"2021-05-03T04:09:15","date_gmt":"2021-05-03T04:09:15","guid":{"rendered":"https:\/\/medo-flor.hr\/mjalte\/?post_type=product&#038;p=3406"},"modified":"2021-05-04T08:56:42","modified_gmt":"2021-05-04T08:56:42","slug":"api-gold-immunal","status":"publish","type":"product","link":"https:\/\/medo-flor.hr\/mjalte\/product\/api-gold-immunal\/","title":{"rendered":"API-GOLD IMMUNAL"},"content":{"rendered":"<p><strong>P\u00cbRB\u00cbR\u00cbSIT<\/strong><\/p>\n<p>Mjalt\u00eb, polen, tret\u00ebsir\u00eb alkooli-uji i propolisit (i p\u00ebrgatitur nga 5 g propolisi), qum\u00ebsht blete (korrespondon me sasin\u00eb e trefisht\u00eb t\u00eb qum\u00ebshtit t\u00eb blet\u00ebve t\u00eb fresk\u00ebt), vitamin\u00eb C (acid L-askorbik).<\/p>\n<p><em>P\u00ebrb\u00ebr\u00ebsit n\u00eb doz\u00ebn e rekomanduar ditore (f\u00ebmij\u00ebt n\u00ebn 12 vje\u00e7 = 5 g, t\u00eb rriturit = 10 g, 1 lug\u00eb = 5 g)<\/em><\/p>\n<p>__________________<\/p>\n<table>\n<tbody>\n<tr class=\"naslov\" style=\"background:#D77709\">\n<td style=\"color:#fff; padding-left:20px;\"><strong>P\u00cbRB\u00cbR\u00cbSIT<\/strong><\/td>\n<td  style=\"color:#fff;\"><strong>1 lug\u00eb \u00e7aji (= 5 g) <\/strong><\/td>\n<td  style=\"color:#fff;\"><strong>SDR<\/strong><\/td>\n<\/tr>\n<tr>\n<td>Mjalt\u00eb<\/td>\n<td>78,76%<\/td>\n<td>&#8211;<\/td>\n<\/tr>\n<tr>\n<td>Polen<\/td>\n<td>17%<\/td>\n<td>&#8211;<\/td>\n<\/tr>\n<tr>\n<td>Tret\u00ebsir\u00eb e alkoolit me uj\u00eb t\u00eb propolis <\/td>\n<td>3% (prodhuar nga 5 g propolis) <\/td>\n<td>&#8211;<\/td>\n<\/tr>\n<tr>\n<td>Qum\u00ebsht blete i liofilizuar <\/td>\n<td>1 % (= 3% t\u00eb qum\u00ebshtit t\u00eb blet\u00ebve t\u00eb fresk\u00ebt)<\/td>\n<td>&#8211;<\/td>\n<\/tr>\n<tr>\n<td>Vitamina C<\/td>\n<td>0,24%<\/td>\n<td>30%<\/td>\n<\/tr>\n<\/tbody>\n<\/table>\n","protected":false},"excerpt":{"rendered":"<p>Api-gold Immunal p\u00ebrmban produktet m\u00eb t\u00eb vlefshme t\u00eb blet\u00ebve: mjalt\u00eb, propolis, polen dhe qum\u00ebsht blete. Kjo p\u00ebrmban shum\u00eb l\u00ebnd\u00eb ushqyese natyrore n\u00eb form\u00eb q\u00eb vijn\u00eb nga kosheret.<\/p>\n<p>Gjithashtu p\u00ebrmban vitamin\u00eb C, e cila kontribuon n\u00eb funksionin normal t\u00eb sistemit imunitar.<\/p>\n<p><strong>Vendi i origjin\u00ebs:<\/strong> Kroacia<\/p>\n<p><strong>Neto:<\/strong> 250 g<\/p>\n<div id=\"attachment_5997\" style=\"width: 460px\" class=\"wp-caption alignnone\"><img loading=\"lazy\" decoding=\"async\" aria-describedby=\"caption-attachment-5997\" class=\"wp-image-5997 size-full\" src=\"http:\/\/medo-flor.hr\/mjalte\/wp-content\/uploads\/2017\/03\/api-gold-immunal-bar.jpg\" alt=\"Api-gold Immunal\" width=\"450\" height=\"160\" \/><p id=\"caption-attachment-5997\" class=\"wp-caption-text\">Api-gold Immunal<\/p><\/div>\n","protected":false},"featured_media":3369,"comment_status":"closed","ping_status":"closed","template":"","meta":{"_et_pb_use_builder":"","_et_pb_old_content":"","_et_gb_content_width":""},"class_list":["post-3406","product","type-product","status-publish","has-post-thumbnail","hentry","product_cat-shtesa-ushqimore"],"yoast_head":"<!-- This site is optimized with the Yoast SEO plugin v16.1.1 - https:\/\/yoast.com\/wordpress\/plugins\/seo\/ -->\n<title>API-GOLD IMMUNAL - Medo Flor<\/title>\n<link rel=\"canonical\" href=\"https:\/\/medo-flor.hr\/mjalte\/product\/api-gold-immunal\/\" \/>\n<meta property=\"og:locale\" content=\"sq_AL\" \/>\n<meta property=\"og:type\" content=\"article\" \/>\n<meta property=\"og:title\" content=\"API-GOLD IMMUNAL - Medo Flor\" \/>\n<meta property=\"og:description\" content=\"Api-gold Immunal p\u00ebrmban produktet m\u00eb t\u00eb vlefshme t\u00eb blet\u00ebve: mjalt\u00eb, propolis, polen dhe qum\u00ebsht blete. Kjo p\u00ebrmban shum\u00eb l\u00ebnd\u00eb ushqyese natyrore n\u00eb form\u00eb q\u00eb vijn\u00eb nga kosheret.  Gjithashtu p\u00ebrmban vitamin\u00eb C, e cila kontribuon n\u00eb funksionin normal t\u00eb sistemit imunitar.  Vendi i origjin\u00ebs: Kroacia  Neto: 250 g\" \/>\n<meta property=\"og:url\" content=\"https:\/\/medo-flor.hr\/mjalte\/product\/api-gold-immunal\/\" \/>\n<meta property=\"og:site_name\" content=\"Medo Flor\" \/>\n<meta property=\"article:modified_time\" content=\"2021-05-04T08:56:42+00:00\" \/>\n<meta property=\"og:image\" content=\"https:\/\/medo-flor.hr\/mjalte\/wp-content\/uploads\/2021\/04\/5-eng.png\" \/>\n\t<meta property=\"og:image:width\" content=\"500\" \/>\n\t<meta property=\"og:image:height\" content=\"500\" \/>\n<meta name=\"twitter:card\" content=\"summary_large_image\" \/>\n<meta name=\"twitter:label1\" content=\"Est. reading time\">\n\t<meta name=\"twitter:data1\" content=\"1 minut\u00eb\">\n<script type=\"application\/ld+json\" class=\"yoast-schema-graph\">{\"@context\":\"https:\/\/schema.org\",\"@graph\":[{\"@type\":\"WebSite\",\"@id\":\"https:\/\/medo-flor.hr\/mjalte\/#website\",\"url\":\"https:\/\/medo-flor.hr\/mjalte\/\",\"name\":\"Medo Flor\",\"description\":\"Doma\\u0107i proizvodi od meda\",\"potentialAction\":[{\"@type\":\"SearchAction\",\"target\":\"https:\/\/medo-flor.hr\/mjalte\/?s={search_term_string}\",\"query-input\":\"required name=search_term_string\"}],\"inLanguage\":\"sq\"},{\"@type\":\"ImageObject\",\"@id\":\"https:\/\/medo-flor.hr\/mjalte\/product\/api-gold-immunal\/#primaryimage\",\"inLanguage\":\"sq\",\"url\":\"https:\/\/medo-flor.hr\/mjalte\/wp-content\/uploads\/2021\/04\/5-eng.png\",\"contentUrl\":\"https:\/\/medo-flor.hr\/mjalte\/wp-content\/uploads\/2021\/04\/5-eng.png\",\"width\":500,\"height\":500},{\"@type\":\"WebPage\",\"@id\":\"https:\/\/medo-flor.hr\/mjalte\/product\/api-gold-immunal\/#webpage\",\"url\":\"https:\/\/medo-flor.hr\/mjalte\/product\/api-gold-immunal\/\",\"name\":\"API-GOLD IMMUNAL - Medo Flor\",\"isPartOf\":{\"@id\":\"https:\/\/medo-flor.hr\/mjalte\/#website\"},\"primaryImageOfPage\":{\"@id\":\"https:\/\/medo-flor.hr\/mjalte\/product\/api-gold-immunal\/#primaryimage\"},\"datePublished\":\"2021-05-03T04:09:15+00:00\",\"dateModified\":\"2021-05-04T08:56:42+00:00\",\"breadcrumb\":{\"@id\":\"https:\/\/medo-flor.hr\/mjalte\/product\/api-gold-immunal\/#breadcrumb\"},\"inLanguage\":\"sq\",\"potentialAction\":[{\"@type\":\"ReadAction\",\"target\":[\"https:\/\/medo-flor.hr\/mjalte\/product\/api-gold-immunal\/\"]}]},{\"@type\":\"BreadcrumbList\",\"@id\":\"https:\/\/medo-flor.hr\/mjalte\/product\/api-gold-immunal\/#breadcrumb\",\"itemListElement\":[{\"@type\":\"ListItem\",\"position\":1,\"item\":{\"@type\":\"WebPage\",\"@id\":\"https:\/\/medo-flor.hr\/mjalte\/\",\"url\":\"https:\/\/medo-flor.hr\/mjalte\/\",\"name\":\"Home\"}},{\"@type\":\"ListItem\",\"position\":2,\"item\":{\"@type\":\"WebPage\",\"@id\":\"https:\/\/medo-flor.hr\/mjalte\/shop\/\",\"url\":\"https:\/\/medo-flor.hr\/mjalte\/shop\/\",\"name\":\"Shop\"}},{\"@type\":\"ListItem\",\"position\":3,\"item\":{\"@type\":\"WebPage\",\"@id\":\"https:\/\/medo-flor.hr\/mjalte\/product\/api-gold-immunal\/\",\"url\":\"https:\/\/medo-flor.hr\/mjalte\/product\/api-gold-immunal\/\",\"name\":\"API-GOLD IMMUNAL\"}}]}]}<\/script>\n<!-- \/ Yoast SEO plugin. -->","_links":{"self":[{"href":"https:\/\/medo-flor.hr\/mjalte\/wp-json\/wp\/v2\/product\/3406","targetHints":{"allow":["GET"]}}],"collection":[{"href":"https:\/\/medo-flor.hr\/mjalte\/wp-json\/wp\/v2\/product"}],"about":[{"href":"https:\/\/medo-flor.hr\/mjalte\/wp-json\/wp\/v2\/types\/product"}],"replies":[{"embeddable":true,"href":"https:\/\/medo-flor.hr\/mjalte\/wp-json\/wp\/v2\/comments?post=3406"}],"wp:featuredmedia":[{"embeddable":true,"href":"https:\/\/medo-flor.hr\/mjalte\/wp-json\/wp\/v2\/media\/3369"}],"wp:attachment":[{"href":"https:\/\/medo-flor.hr\/mjalte\/wp-json\/wp\/v2\/media?parent=3406"}],"curies":[{"name":"wp","href":"https:\/\/api.w.org\/{rel}","templated":true}]}}