{"id":3407,"date":"2021-05-03T04:09:15","date_gmt":"2021-05-03T04:09:15","guid":{"rendered":"https:\/\/medo-flor.hr\/mjalte\/?post_type=product&#038;p=3407"},"modified":"2021-05-04T08:53:17","modified_gmt":"2021-05-04T08:53:17","slug":"bronho-vital","status":"publish","type":"product","link":"https:\/\/medo-flor.hr\/mjalte\/product\/bronho-vital\/","title":{"rendered":"BRONHO VITAL"},"content":{"rendered":"<p><strong>P\u00cbRB\u00cbR\u00cbSIT<\/strong><\/p>\n<p>Mjalt\u00eb, tret\u00ebsir\u00eb alkooli-uji i propolisit (prodhuar nga 2.75 g propolis), ekstrakte bimore t\u00eb alkoolit: bim\u00eb yndyrore (Thymus serpyllum), bim\u00eb (Pulmonaria officinalis), gjethe hithre (Urtica dioica).<\/p>\n<p><em>P\u00ebrb\u00ebr\u00ebsit n\u00eb doz\u00ebn e rekomanduar ditore (f\u00ebmij\u00ebt n\u00ebn 6 vje\u00e7 = 10 g, f\u00ebmij\u00ebt mbi 6 vje\u00e7 dhe t\u00eb rriturit = 15 g 1 lug\u00eb = 5 g)<\/em><\/p>\n<p>_____________________<\/p>\n<table>\n<tbody>\n<tr class=\"naslov\" style=\"background:#D77709;\">\n<td style=\"color:#fff; padding-left:20px;\"><strong>P\u00cbRB\u00cbR\u00cbSIT <\/strong><\/td>\n<td td style=\"color:#fff;\"><strong>1 lug\u00eb \u00e7aji (= 5 g)<\/strong><\/td>\n<\/tr>\n<tr>\n<td>Mjalt\u00eb<\/td>\n<td>96,70%<\/td>\n<\/tr>\n<tr>\n<td>Polen<\/td>\n<td>17%<\/td>\n<\/tr>\n<tr>\n<td>Tret\u00ebsir\u00eb alkoolik-ujor propolis <\/td>\n<td>1,7% (prodhuar nga 2,75 g propolis)<\/td>\n<\/tr>\n<tr>\n<td>Tret\u00ebsir\u00eb alkoolik-ujor me gjethe<\/td>\n<td>0,6%<\/td>\n<\/tr>\n<tr>\n<td>Tret\u00ebsir\u00eb e bim\u00ebs alkoolike-ujore me vitamina <\/td>\n<td>0,5%<\/td>\n<\/tr>\n<tr>\n<td>Tret\u00ebsir\u00eb alkoolik-ujor me hith\u00ebr <\/td>\n<td>0,25%<\/td>\n<\/tr>\n<tr>\n<td>Tret\u00ebsir\u00eb bimore alkoolik-ujor<\/td>\n<td>0,25%<\/td>\n<\/tr>\n<\/tbody>\n<\/table>\n","protected":false},"excerpt":{"rendered":"<p>Tret\u00ebsir\u00eb Bronho-vital me mjalt\u00eb, propolis dhe bim\u00eb aromatike p\u00ebrmbajn\u00eb sherbele, trumz\u00eb dhe propolis q\u00eb blet\u00ebt p\u00ebrdorin p\u00ebr dezinfektim.<\/p>\n<p>Sherbele dhe lisen kontribuojn\u00eb n\u00eb ruajtjen e funksionit normal t\u00eb traktit t\u00eb frym\u00ebmarrjes s\u00eb sip\u00ebrme.<\/p>\n<p>Vendi i origjin\u00ebs: Croatia<\/p>\n<p>Neto: 250 g<\/p>\n<div id=\"attachment_5995\" style=\"width: 460px\" class=\"wp-caption alignnone\"><img loading=\"lazy\" decoding=\"async\" aria-describedby=\"caption-attachment-5995\" class=\"wp-image-5995 size-full\" src=\"http:\/\/medo-flor.hr\/mjalte\/wp-content\/uploads\/2017\/03\/bronho-vital-bar.jpg\" alt=\"Bronho vital\" width=\"450\" height=\"160\" \/><p id=\"caption-attachment-5995\" class=\"wp-caption-text\">Bronho vital<\/p><\/div>\n","protected":false},"featured_media":3370,"comment_status":"closed","ping_status":"closed","template":"","meta":{"_et_pb_use_builder":"","_et_pb_old_content":"","_et_gb_content_width":""},"class_list":["post-3407","product","type-product","status-publish","has-post-thumbnail","hentry","product_cat-shtesa-ushqimore"],"yoast_head":"<!-- This site is optimized with the Yoast SEO plugin v16.1.1 - https:\/\/yoast.com\/wordpress\/plugins\/seo\/ -->\n<title>BRONHO VITAL - Medo Flor<\/title>\n<link rel=\"canonical\" href=\"https:\/\/medo-flor.hr\/mjalte\/product\/bronho-vital\/\" \/>\n<meta property=\"og:locale\" content=\"sq_AL\" \/>\n<meta property=\"og:type\" content=\"article\" \/>\n<meta property=\"og:title\" content=\"BRONHO VITAL - Medo Flor\" \/>\n<meta property=\"og:description\" content=\"Tret\u00ebsir\u00eb Bronho-vital me mjalt\u00eb, propolis dhe bim\u00eb aromatike p\u00ebrmbajn\u00eb sherbele, trumz\u00eb dhe propolis q\u00eb blet\u00ebt p\u00ebrdorin p\u00ebr dezinfektim.  Sherbele dhe lisen kontribuojn\u00eb n\u00eb ruajtjen e funksionit normal t\u00eb traktit t\u00eb frym\u00ebmarrjes s\u00eb sip\u00ebrme.  Vendi i origjin\u00ebs: Croatia  Neto: 250 g\" \/>\n<meta property=\"og:url\" content=\"https:\/\/medo-flor.hr\/mjalte\/product\/bronho-vital\/\" \/>\n<meta property=\"og:site_name\" content=\"Medo Flor\" \/>\n<meta property=\"article:modified_time\" content=\"2021-05-04T08:53:17+00:00\" \/>\n<meta property=\"og:image\" content=\"https:\/\/medo-flor.hr\/mjalte\/wp-content\/uploads\/2021\/04\/6-eng.png\" \/>\n\t<meta property=\"og:image:width\" content=\"500\" \/>\n\t<meta property=\"og:image:height\" content=\"500\" \/>\n<meta name=\"twitter:card\" content=\"summary_large_image\" \/>\n<script type=\"application\/ld+json\" class=\"yoast-schema-graph\">{\"@context\":\"https:\/\/schema.org\",\"@graph\":[{\"@type\":\"WebSite\",\"@id\":\"https:\/\/medo-flor.hr\/mjalte\/#website\",\"url\":\"https:\/\/medo-flor.hr\/mjalte\/\",\"name\":\"Medo Flor\",\"description\":\"Doma\\u0107i proizvodi od meda\",\"potentialAction\":[{\"@type\":\"SearchAction\",\"target\":\"https:\/\/medo-flor.hr\/mjalte\/?s={search_term_string}\",\"query-input\":\"required name=search_term_string\"}],\"inLanguage\":\"sq\"},{\"@type\":\"ImageObject\",\"@id\":\"https:\/\/medo-flor.hr\/mjalte\/product\/bronho-vital\/#primaryimage\",\"inLanguage\":\"sq\",\"url\":\"https:\/\/medo-flor.hr\/mjalte\/wp-content\/uploads\/2021\/04\/6-eng.png\",\"contentUrl\":\"https:\/\/medo-flor.hr\/mjalte\/wp-content\/uploads\/2021\/04\/6-eng.png\",\"width\":500,\"height\":500},{\"@type\":\"WebPage\",\"@id\":\"https:\/\/medo-flor.hr\/mjalte\/product\/bronho-vital\/#webpage\",\"url\":\"https:\/\/medo-flor.hr\/mjalte\/product\/bronho-vital\/\",\"name\":\"BRONHO VITAL - Medo Flor\",\"isPartOf\":{\"@id\":\"https:\/\/medo-flor.hr\/mjalte\/#website\"},\"primaryImageOfPage\":{\"@id\":\"https:\/\/medo-flor.hr\/mjalte\/product\/bronho-vital\/#primaryimage\"},\"datePublished\":\"2021-05-03T04:09:15+00:00\",\"dateModified\":\"2021-05-04T08:53:17+00:00\",\"breadcrumb\":{\"@id\":\"https:\/\/medo-flor.hr\/mjalte\/product\/bronho-vital\/#breadcrumb\"},\"inLanguage\":\"sq\",\"potentialAction\":[{\"@type\":\"ReadAction\",\"target\":[\"https:\/\/medo-flor.hr\/mjalte\/product\/bronho-vital\/\"]}]},{\"@type\":\"BreadcrumbList\",\"@id\":\"https:\/\/medo-flor.hr\/mjalte\/product\/bronho-vital\/#breadcrumb\",\"itemListElement\":[{\"@type\":\"ListItem\",\"position\":1,\"item\":{\"@type\":\"WebPage\",\"@id\":\"https:\/\/medo-flor.hr\/mjalte\/\",\"url\":\"https:\/\/medo-flor.hr\/mjalte\/\",\"name\":\"Home\"}},{\"@type\":\"ListItem\",\"position\":2,\"item\":{\"@type\":\"WebPage\",\"@id\":\"https:\/\/medo-flor.hr\/mjalte\/shop\/\",\"url\":\"https:\/\/medo-flor.hr\/mjalte\/shop\/\",\"name\":\"Shop\"}},{\"@type\":\"ListItem\",\"position\":3,\"item\":{\"@type\":\"WebPage\",\"@id\":\"https:\/\/medo-flor.hr\/mjalte\/product\/bronho-vital\/\",\"url\":\"https:\/\/medo-flor.hr\/mjalte\/product\/bronho-vital\/\",\"name\":\"BRONHO VITAL\"}}]}]}<\/script>\n<!-- \/ Yoast SEO plugin. -->","_links":{"self":[{"href":"https:\/\/medo-flor.hr\/mjalte\/wp-json\/wp\/v2\/product\/3407","targetHints":{"allow":["GET"]}}],"collection":[{"href":"https:\/\/medo-flor.hr\/mjalte\/wp-json\/wp\/v2\/product"}],"about":[{"href":"https:\/\/medo-flor.hr\/mjalte\/wp-json\/wp\/v2\/types\/product"}],"replies":[{"embeddable":true,"href":"https:\/\/medo-flor.hr\/mjalte\/wp-json\/wp\/v2\/comments?post=3407"}],"wp:featuredmedia":[{"embeddable":true,"href":"https:\/\/medo-flor.hr\/mjalte\/wp-json\/wp\/v2\/media\/3370"}],"wp:attachment":[{"href":"https:\/\/medo-flor.hr\/mjalte\/wp-json\/wp\/v2\/media?parent=3407"}],"curies":[{"name":"wp","href":"https:\/\/api.w.org\/{rel}","templated":true}]}}