{"id":3409,"date":"2021-05-03T04:09:15","date_gmt":"2021-05-03T04:09:15","guid":{"rendered":"https:\/\/medo-flor.hr\/mjalte\/?post_type=product&#038;p=3409"},"modified":"2021-05-04T08:56:23","modified_gmt":"2021-05-04T08:56:23","slug":"qumesht-1000-vitamin-c-forte-tableta","status":"publish","type":"product","link":"https:\/\/medo-flor.hr\/mjalte\/product\/qumesht-1000-vitamin-c-forte-tableta\/","title":{"rendered":"QUM\u00cbSHT 1000+ VITAMIN C FORTE, TABLETA"},"content":{"rendered":"<p><strong>P\u00cbRB\u00cbR\u00cbSIT<\/strong><\/p>\n<p>Fruktoza, qum\u00ebsht blete e liofilizuar, inulin, vitamina C (acid L-askorbik), agjent anti-ngurt\u00ebsimi: stearat magnezi, arom\u00eb.<\/p>\n<p><em>P\u00ebrb\u00ebr\u00ebsit n\u00eb doz\u00ebn e rekomanduar ditore (t\u00eb rriturit 1 tablet\u00eb n\u00eb dit\u00eb)<\/em><\/p>\n<p>________________<\/p>\n<table>\n<tbody>\n<tr class=\"naslov\" style=\"background:#D77709;\">\n<td style=\"color:#fff; padding-left:20px\"><strong>P\u00cbRB\u00cbR\u00cbSIT <\/strong><\/td>\n<td style=\"color:#fff;\"><strong>1 lug\u00eb \u00e7aji (= 5 g) <\/strong><\/td>\n<td style=\"color:#fff;\"><strong>SDR<\/strong><\/td>\n<\/tr>\n<tr>\n<td>Qum\u00ebsht blete e liofilizuar <\/td>\n<td>340 mg (= 1000 mg qum\u00ebsht blete t\u00eb fresk\u00ebta)<\/td>\n<td>&#8211;<\/td>\n<\/tr>\n<tr>\n<td>Vitamin\u00eb C <\/td>\n<td>160 mg<\/td>\n<td>200%<\/td>\n<\/tr>\n<\/tbody>\n<\/table>\n","protected":false},"excerpt":{"rendered":"<p>Tabletat e qum\u00ebshtit t\u00eb blet\u00ebve p\u00ebrdoren m\u00eb mir\u00eb duke u shp\u00ebrndar\u00eb n\u00eb goj\u00eb ose duke p\u00ebrtypur. Kjo siguron efikasitetin maksimal t\u00eb qum\u00ebshtit t\u00eb blet\u00ebs sepse, kur g\u00eblltitet, acidi i stomakut ul ndjesh\u00ebm vler\u00ebn dhe fuqin\u00eb e qum\u00ebshtit t\u00eb blet\u00ebs.<\/p>\n<p>Tabletat p\u00ebrmbajn\u00eb vitamin\u00eb C, e cila kontribuon n\u00eb zvog\u00eblimin e lodhjes dhe ka efekt t\u00eb mir\u00eb t\u00eb funksionit normal psikologjik.<\/p>\n<p><strong>Vendi i origjin\u00ebs:<\/strong>Kroacia<\/p>\n<p><strong>Neto:<\/strong> 19,84 g (16 tableta) \/ 39,68 g (32 tableta)<\/p>\n<div id=\"attachment_5990\" style=\"width: 460px\" class=\"wp-caption alignnone\"><img loading=\"lazy\" decoding=\"async\" aria-describedby=\"caption-attachment-5990\" class=\"wp-image-5990 size-full\" src=\"http:\/\/medo-flor.hr\/mjalte\/wp-content\/uploads\/2017\/03\/rojal-jelly-1000-bar.jpg\" alt=\"Royal Jelly lozenges for adults\" width=\"450\" height=\"160\" \/><p id=\"caption-attachment-5990\" class=\"wp-caption-text\">Qum\u00ebsht blete tableta p\u00ebr t\u00eb rriturit<\/p><\/div>\n<p>&nbsp;<\/p>\n","protected":false},"featured_media":3367,"comment_status":"closed","ping_status":"closed","template":"","meta":{"_et_pb_use_builder":"","_et_pb_old_content":"","_et_gb_content_width":""},"class_list":["post-3409","product","type-product","status-publish","has-post-thumbnail","hentry","product_cat-shtesa-ushqimore"],"yoast_head":"<!-- This site is optimized with the Yoast SEO plugin v16.1.1 - https:\/\/yoast.com\/wordpress\/plugins\/seo\/ -->\n<title>QUM\u00cbSHT 1000+ VITAMIN C FORTE, TABLETA - Medo Flor<\/title>\n<link rel=\"canonical\" href=\"https:\/\/medo-flor.hr\/mjalte\/product\/qumesht-1000-vitamin-c-forte-tableta\/\" \/>\n<meta property=\"og:locale\" content=\"sq_AL\" \/>\n<meta property=\"og:type\" content=\"article\" \/>\n<meta property=\"og:title\" content=\"QUM\u00cbSHT 1000+ VITAMIN C FORTE, TABLETA - Medo Flor\" \/>\n<meta property=\"og:description\" content=\"Tabletat e qum\u00ebshtit t\u00eb blet\u00ebve p\u00ebrdoren m\u00eb mir\u00eb duke u shp\u00ebrndar\u00eb n\u00eb goj\u00eb ose duke p\u00ebrtypur. Kjo siguron efikasitetin maksimal t\u00eb qum\u00ebshtit t\u00eb blet\u00ebs sepse, kur g\u00eblltitet, acidi i stomakut ul ndjesh\u00ebm vler\u00ebn dhe fuqin\u00eb e qum\u00ebshtit t\u00eb blet\u00ebs.  Tabletat p\u00ebrmbajn\u00eb vitamin\u00eb C, e cila kontribuon n\u00eb zvog\u00eblimin e lodhjes dhe ka efekt t\u00eb mir\u00eb t\u00eb funksionit normal psikologjik.  Vendi i origjin\u00ebs:Kroacia  Neto: 19,84 g (16 tableta) \/ 39,68 g (32 tableta)    &nbsp;\" \/>\n<meta property=\"og:url\" content=\"https:\/\/medo-flor.hr\/mjalte\/product\/qumesht-1000-vitamin-c-forte-tableta\/\" \/>\n<meta property=\"og:site_name\" content=\"Medo Flor\" \/>\n<meta property=\"article:modified_time\" content=\"2021-05-04T08:56:23+00:00\" \/>\n<meta property=\"og:image\" content=\"https:\/\/medo-flor.hr\/mjalte\/wp-content\/uploads\/2021\/04\/2-eng.png\" \/>\n\t<meta property=\"og:image:width\" content=\"500\" \/>\n\t<meta property=\"og:image:height\" content=\"500\" \/>\n<meta name=\"twitter:card\" content=\"summary_large_image\" \/>\n<script type=\"application\/ld+json\" class=\"yoast-schema-graph\">{\"@context\":\"https:\/\/schema.org\",\"@graph\":[{\"@type\":\"WebSite\",\"@id\":\"https:\/\/medo-flor.hr\/mjalte\/#website\",\"url\":\"https:\/\/medo-flor.hr\/mjalte\/\",\"name\":\"Medo Flor\",\"description\":\"Doma\\u0107i proizvodi od meda\",\"potentialAction\":[{\"@type\":\"SearchAction\",\"target\":\"https:\/\/medo-flor.hr\/mjalte\/?s={search_term_string}\",\"query-input\":\"required name=search_term_string\"}],\"inLanguage\":\"sq\"},{\"@type\":\"ImageObject\",\"@id\":\"https:\/\/medo-flor.hr\/mjalte\/product\/qumesht-1000-vitamin-c-forte-tableta\/#primaryimage\",\"inLanguage\":\"sq\",\"url\":\"https:\/\/medo-flor.hr\/mjalte\/wp-content\/uploads\/2021\/04\/2-eng.png\",\"contentUrl\":\"https:\/\/medo-flor.hr\/mjalte\/wp-content\/uploads\/2021\/04\/2-eng.png\",\"width\":500,\"height\":500},{\"@type\":\"WebPage\",\"@id\":\"https:\/\/medo-flor.hr\/mjalte\/product\/qumesht-1000-vitamin-c-forte-tableta\/#webpage\",\"url\":\"https:\/\/medo-flor.hr\/mjalte\/product\/qumesht-1000-vitamin-c-forte-tableta\/\",\"name\":\"QUM\\u00cbSHT 1000+ VITAMIN C FORTE, TABLETA - Medo Flor\",\"isPartOf\":{\"@id\":\"https:\/\/medo-flor.hr\/mjalte\/#website\"},\"primaryImageOfPage\":{\"@id\":\"https:\/\/medo-flor.hr\/mjalte\/product\/qumesht-1000-vitamin-c-forte-tableta\/#primaryimage\"},\"datePublished\":\"2021-05-03T04:09:15+00:00\",\"dateModified\":\"2021-05-04T08:56:23+00:00\",\"breadcrumb\":{\"@id\":\"https:\/\/medo-flor.hr\/mjalte\/product\/qumesht-1000-vitamin-c-forte-tableta\/#breadcrumb\"},\"inLanguage\":\"sq\",\"potentialAction\":[{\"@type\":\"ReadAction\",\"target\":[\"https:\/\/medo-flor.hr\/mjalte\/product\/qumesht-1000-vitamin-c-forte-tableta\/\"]}]},{\"@type\":\"BreadcrumbList\",\"@id\":\"https:\/\/medo-flor.hr\/mjalte\/product\/qumesht-1000-vitamin-c-forte-tableta\/#breadcrumb\",\"itemListElement\":[{\"@type\":\"ListItem\",\"position\":1,\"item\":{\"@type\":\"WebPage\",\"@id\":\"https:\/\/medo-flor.hr\/mjalte\/\",\"url\":\"https:\/\/medo-flor.hr\/mjalte\/\",\"name\":\"Home\"}},{\"@type\":\"ListItem\",\"position\":2,\"item\":{\"@type\":\"WebPage\",\"@id\":\"https:\/\/medo-flor.hr\/mjalte\/shop\/\",\"url\":\"https:\/\/medo-flor.hr\/mjalte\/shop\/\",\"name\":\"Shop\"}},{\"@type\":\"ListItem\",\"position\":3,\"item\":{\"@type\":\"WebPage\",\"@id\":\"https:\/\/medo-flor.hr\/mjalte\/product\/qumesht-1000-vitamin-c-forte-tableta\/\",\"url\":\"https:\/\/medo-flor.hr\/mjalte\/product\/qumesht-1000-vitamin-c-forte-tableta\/\",\"name\":\"QUM\\u00cbSHT 1000+ VITAMIN C FORTE, TABLETA\"}}]}]}<\/script>\n<!-- \/ Yoast SEO plugin. -->","_links":{"self":[{"href":"https:\/\/medo-flor.hr\/mjalte\/wp-json\/wp\/v2\/product\/3409","targetHints":{"allow":["GET"]}}],"collection":[{"href":"https:\/\/medo-flor.hr\/mjalte\/wp-json\/wp\/v2\/product"}],"about":[{"href":"https:\/\/medo-flor.hr\/mjalte\/wp-json\/wp\/v2\/types\/product"}],"replies":[{"embeddable":true,"href":"https:\/\/medo-flor.hr\/mjalte\/wp-json\/wp\/v2\/comments?post=3409"}],"wp:featuredmedia":[{"embeddable":true,"href":"https:\/\/medo-flor.hr\/mjalte\/wp-json\/wp\/v2\/media\/3367"}],"wp:attachment":[{"href":"https:\/\/medo-flor.hr\/mjalte\/wp-json\/wp\/v2\/media?parent=3409"}],"curies":[{"name":"wp","href":"https:\/\/api.w.org\/{rel}","templated":true}]}}