{"id":3410,"date":"2021-05-03T04:09:15","date_gmt":"2021-05-03T04:09:15","guid":{"rendered":"https:\/\/medo-flor.hr\/mjalte\/?post_type=product&#038;p=3410"},"modified":"2021-05-04T08:56:32","modified_gmt":"2021-05-04T08:56:32","slug":"qumesht-blete-500-vitamin-c-junior-tableta","status":"publish","type":"product","link":"https:\/\/medo-flor.hr\/mjalte\/product\/qumesht-blete-500-vitamin-c-junior-tableta\/","title":{"rendered":"QUM\u00cbSHT BLETE 500 + VITAMIN C JUNIOR, TABLETA"},"content":{"rendered":"<p><strong>P\u00cbRB\u00cbR\u00cbSIT<\/strong><\/p>\n<p>Inulin, qum\u00ebsht blete e liofilizuar, sheqer diabetik: ksilitol, arom\u00eb, vitamin\u00eb C (acid L-askorbik), agjent anti-ngurt\u00ebsim: stearat magnezi, bisglycinate hekuri, ngjyra: anthocyanin, diabetik: sukraloza.<br \/>\n<em><br \/>\nP\u00ebrb\u00ebr\u00ebsit n\u00eb doz\u00ebn e rekomanduar ditore (t\u00eb rriturit 2 tableta ditore, f\u00ebmij\u00ebt 1 tablet\u00eb n\u00eb dit\u00eb)<\/em><\/p>\n<p>_____________________<\/p>\n<table>\n<tbody>\n<tr class=\"naslov\" style=\"background:#D77709;\">\n<td style=\"color:#fff; padding-left:20px\"><strong>P\u00cbRB\u00cbR\u00cbSIT<\/strong><\/td>\n<td style=\"color:#fff;\"><strong>1 lug\u00eb \u00e7aji (= 5 g) <\/strong><\/td>\n<td style=\"color:#fff;\"><strong>SDR<\/strong><\/td>\n<\/tr>\n<tr>\n<td>Qum\u00ebsht blete e liofilizuar <\/td>\n<td>170 mg (= 500 mg qum\u00ebsht blete t\u00eb fresk\u00ebt) <\/td>\n<td>&#8211;<\/td>\n<\/tr>\n<tr>\n<td>Vitamina C <\/td>\n<td>80 mg<\/td>\n<td>100%<\/td>\n<\/tr>\n<tr>\n<td>Hekur <\/td>\n<td>11 mg<\/td>\n<td>15%<\/td>\n<\/tr>\n<\/tbody>\n<\/table>\n","protected":false},"excerpt":{"rendered":"<p>Tableta me qum\u00ebsht blete duhet t\u00eb shp\u00ebrb\u00ebhen n\u00eb goj\u00eb ose pak t\u00eb p\u00ebrtypen. Kjo siguron performanc\u00ebn maksimale dhe efikasitetin e qum\u00ebshtit t\u00eb blet\u00ebs.<\/p>\n<p>Tabletat p\u00ebrmbajn\u00eb hekur q\u00eb kontribuon n\u00eb funksionin normal kognitiv, dhe vitamin\u00eb C, e cila rrit absorbimin e hekurit dhe kontribuon n\u00eb funksionin normal t\u00eb sistemit imunitar.<\/p>\n<p><strong>Vendi i origjin\u00ebs:<\/strong>Kroacia<\/p>\n<p><strong>Neto:<\/strong> 14,48 g (15 tableta) \/ 28,96 g (30 tableta)<\/p>\n<div id=\"attachment_5988\" style=\"width: 460px\" class=\"wp-caption alignnone\"><img loading=\"lazy\" decoding=\"async\" aria-describedby=\"caption-attachment-5988\" class=\"wp-image-5988 size-full\" src=\"http:\/\/medo-flor.hr\/mjalte\/wp-content\/uploads\/2017\/03\/royal-jell-500-bar.jpg\" alt=\"Royal Jelly lozenges for children\" width=\"450\" height=\"160\" \/><p id=\"caption-attachment-5988\" class=\"wp-caption-text\">Tableta qum\u00ebsht blete p\u00ebr f\u00ebmij\u00ebt<\/p><\/div>\n","protected":false},"featured_media":3366,"comment_status":"closed","ping_status":"closed","template":"","meta":{"_et_pb_use_builder":"","_et_pb_old_content":"","_et_gb_content_width":""},"class_list":["post-3410","product","type-product","status-publish","has-post-thumbnail","hentry","product_cat-shtesa-ushqimore"],"yoast_head":"<!-- This site is optimized with the Yoast SEO plugin v16.1.1 - https:\/\/yoast.com\/wordpress\/plugins\/seo\/ -->\n<title>QUM\u00cbSHT BLETE 500 + VITAMIN C JUNIOR, TABLETA - Medo Flor<\/title>\n<link rel=\"canonical\" href=\"https:\/\/medo-flor.hr\/mjalte\/product\/qumesht-blete-500-vitamin-c-junior-tableta\/\" \/>\n<meta property=\"og:locale\" content=\"sq_AL\" \/>\n<meta property=\"og:type\" content=\"article\" \/>\n<meta property=\"og:title\" content=\"QUM\u00cbSHT BLETE 500 + VITAMIN C JUNIOR, TABLETA - Medo Flor\" \/>\n<meta property=\"og:description\" content=\"Tableta me qum\u00ebsht blete duhet t\u00eb shp\u00ebrb\u00ebhen n\u00eb goj\u00eb ose pak t\u00eb p\u00ebrtypen. Kjo siguron performanc\u00ebn maksimale dhe efikasitetin e qum\u00ebshtit t\u00eb blet\u00ebs.  Tabletat p\u00ebrmbajn\u00eb hekur q\u00eb kontribuon n\u00eb funksionin normal kognitiv, dhe vitamin\u00eb C, e cila rrit absorbimin e hekurit dhe kontribuon n\u00eb funksionin normal t\u00eb sistemit imunitar.  Vendi i origjin\u00ebs:Kroacia  Neto: 14,48 g (15 tableta) \/ 28,96 g (30 tableta)\" \/>\n<meta property=\"og:url\" content=\"https:\/\/medo-flor.hr\/mjalte\/product\/qumesht-blete-500-vitamin-c-junior-tableta\/\" \/>\n<meta property=\"og:site_name\" content=\"Medo Flor\" \/>\n<meta property=\"article:modified_time\" content=\"2021-05-04T08:56:32+00:00\" \/>\n<meta property=\"og:image\" content=\"https:\/\/medo-flor.hr\/mjalte\/wp-content\/uploads\/2021\/04\/131.png\" \/>\n\t<meta property=\"og:image:width\" content=\"500\" \/>\n\t<meta property=\"og:image:height\" content=\"500\" \/>\n<meta name=\"twitter:card\" content=\"summary_large_image\" \/>\n<script type=\"application\/ld+json\" class=\"yoast-schema-graph\">{\"@context\":\"https:\/\/schema.org\",\"@graph\":[{\"@type\":\"WebSite\",\"@id\":\"https:\/\/medo-flor.hr\/mjalte\/#website\",\"url\":\"https:\/\/medo-flor.hr\/mjalte\/\",\"name\":\"Medo Flor\",\"description\":\"Doma\\u0107i proizvodi od meda\",\"potentialAction\":[{\"@type\":\"SearchAction\",\"target\":\"https:\/\/medo-flor.hr\/mjalte\/?s={search_term_string}\",\"query-input\":\"required name=search_term_string\"}],\"inLanguage\":\"sq\"},{\"@type\":\"ImageObject\",\"@id\":\"https:\/\/medo-flor.hr\/mjalte\/product\/qumesht-blete-500-vitamin-c-junior-tableta\/#primaryimage\",\"inLanguage\":\"sq\",\"url\":\"https:\/\/medo-flor.hr\/mjalte\/wp-content\/uploads\/2021\/04\/131.png\",\"contentUrl\":\"https:\/\/medo-flor.hr\/mjalte\/wp-content\/uploads\/2021\/04\/131.png\",\"width\":500,\"height\":500},{\"@type\":\"WebPage\",\"@id\":\"https:\/\/medo-flor.hr\/mjalte\/product\/qumesht-blete-500-vitamin-c-junior-tableta\/#webpage\",\"url\":\"https:\/\/medo-flor.hr\/mjalte\/product\/qumesht-blete-500-vitamin-c-junior-tableta\/\",\"name\":\"QUM\\u00cbSHT BLETE 500 + VITAMIN C JUNIOR, TABLETA - Medo Flor\",\"isPartOf\":{\"@id\":\"https:\/\/medo-flor.hr\/mjalte\/#website\"},\"primaryImageOfPage\":{\"@id\":\"https:\/\/medo-flor.hr\/mjalte\/product\/qumesht-blete-500-vitamin-c-junior-tableta\/#primaryimage\"},\"datePublished\":\"2021-05-03T04:09:15+00:00\",\"dateModified\":\"2021-05-04T08:56:32+00:00\",\"breadcrumb\":{\"@id\":\"https:\/\/medo-flor.hr\/mjalte\/product\/qumesht-blete-500-vitamin-c-junior-tableta\/#breadcrumb\"},\"inLanguage\":\"sq\",\"potentialAction\":[{\"@type\":\"ReadAction\",\"target\":[\"https:\/\/medo-flor.hr\/mjalte\/product\/qumesht-blete-500-vitamin-c-junior-tableta\/\"]}]},{\"@type\":\"BreadcrumbList\",\"@id\":\"https:\/\/medo-flor.hr\/mjalte\/product\/qumesht-blete-500-vitamin-c-junior-tableta\/#breadcrumb\",\"itemListElement\":[{\"@type\":\"ListItem\",\"position\":1,\"item\":{\"@type\":\"WebPage\",\"@id\":\"https:\/\/medo-flor.hr\/mjalte\/\",\"url\":\"https:\/\/medo-flor.hr\/mjalte\/\",\"name\":\"Home\"}},{\"@type\":\"ListItem\",\"position\":2,\"item\":{\"@type\":\"WebPage\",\"@id\":\"https:\/\/medo-flor.hr\/mjalte\/shop\/\",\"url\":\"https:\/\/medo-flor.hr\/mjalte\/shop\/\",\"name\":\"Shop\"}},{\"@type\":\"ListItem\",\"position\":3,\"item\":{\"@type\":\"WebPage\",\"@id\":\"https:\/\/medo-flor.hr\/mjalte\/product\/qumesht-blete-500-vitamin-c-junior-tableta\/\",\"url\":\"https:\/\/medo-flor.hr\/mjalte\/product\/qumesht-blete-500-vitamin-c-junior-tableta\/\",\"name\":\"QUM\\u00cbSHT BLETE 500 + VITAMIN C JUNIOR, TABLETA\"}}]}]}<\/script>\n<!-- \/ Yoast SEO plugin. -->","_links":{"self":[{"href":"https:\/\/medo-flor.hr\/mjalte\/wp-json\/wp\/v2\/product\/3410","targetHints":{"allow":["GET"]}}],"collection":[{"href":"https:\/\/medo-flor.hr\/mjalte\/wp-json\/wp\/v2\/product"}],"about":[{"href":"https:\/\/medo-flor.hr\/mjalte\/wp-json\/wp\/v2\/types\/product"}],"replies":[{"embeddable":true,"href":"https:\/\/medo-flor.hr\/mjalte\/wp-json\/wp\/v2\/comments?post=3410"}],"wp:featuredmedia":[{"embeddable":true,"href":"https:\/\/medo-flor.hr\/mjalte\/wp-json\/wp\/v2\/media\/3366"}],"wp:attachment":[{"href":"https:\/\/medo-flor.hr\/mjalte\/wp-json\/wp\/v2\/media?parent=3410"}],"curies":[{"name":"wp","href":"https:\/\/api.w.org\/{rel}","templated":true}]}}