{"id":3411,"date":"2021-05-03T04:09:15","date_gmt":"2021-05-03T04:09:15","guid":{"rendered":"https:\/\/medo-flor.hr\/mjalte\/?post_type=product&#038;p=3411"},"modified":"2021-05-04T08:57:10","modified_gmt":"2021-05-04T08:57:10","slug":"propolis-500-vitamin-c-tableta","status":"publish","type":"product","link":"https:\/\/medo-flor.hr\/mjalte\/product\/propolis-500-vitamin-c-tableta\/","title":{"rendered":"PROPOLIS 500 + VITAMIN C, TABLETA"},"content":{"rendered":"<p><strong>P\u00cbRB\u00cbR\u00cbSIT<\/strong><\/p>\n<p>Inulin, ekstrakt i propolis, fruktoza, vitamina C (acid L-askorbik), aroma, acidifier: acid citrik, substanca p\u00ebr parandalimin e ngurt\u00ebsimit: talk dhe stearat magnezi.<\/p>\n<p><em>P\u00ebrb\u00ebr\u00ebsit n\u00eb doz\u00ebn e rekomanduar ditore (t\u00eb rriturit 2 tableta ditore, f\u00ebmij\u00ebt 1 tablet\u00eb n\u00eb dit\u00eb)<\/em><\/p>\n<p>________________<\/p>\n<table>\n<tbody>\n<tr class=\"naslov\" style=\"background:#D77709;\">\n<td style=\"color:#fff; padding-left:20px\"><strong>P\u00cbRB\u00cbR\u00cbSIT <\/strong><\/td>\n<td style=\"color:#fff;\"><strong>1 tablet\u00eb \u00e7do dit\u00eb <\/strong><\/td>\n<td style=\"color:#fff;\"><strong>SDR<\/strong><\/td>\n<td style=\"color:#fff;\"><strong>SDR 2 tableta \u00e7do dit\u00eb <\/strong><\/td>\n<td style=\"color:#fff;\"><strong>SDR<\/strong><\/td>\n<\/tr>\n<tr>\n<td>Propolisi ekstrakt <\/td>\n<td>500 mg<\/td>\n<td>&#8211;<\/td>\n<td>1000 mg<\/td>\n<td>&#8211;<\/td>\n<\/tr>\n<tr>\n<td>Vitamina C<\/td>\n<td>80 mg<\/td>\n<td>100%<\/td>\n<td>160 mg<\/td>\n<td>200%<\/td>\n<\/tr>\n<\/tbody>\n<\/table>\n<p>________________<\/p>\n<p>Propolisi \u00ebsht\u00eb nj\u00eb produkt nga blet\u00ebt (nj\u00eb p\u00ebrzierje e grimcave dhe sekrecioneve q\u00eb prodhojn\u00eb blet\u00ebt). Ai sh\u00ebrben p\u00ebr dezinfektimin e koshereve t\u00eb blet\u00ebve, p\u00ebr mbylljen e plasaritjeve, shk\u00eblqimin  e celulave t\u00eb kall\u00ebpeve ku ruhet ushqimi (mjalti dhe poleni) dhe ku hedhen larvat, p\u00ebr t&#8217;u mbrojtur nga infeksioni dhe p\u00ebr balsamimin q\u00eb nuk mund t\u00eb merret nga kosheret.<\/p>\n","protected":false},"excerpt":{"rendered":"<p>Tabletat me propolis dhe vitamin\u00eb C treten n\u00eb goj\u00eb duke siguruar efikasitetin maksimal dhe thithjen e tyre n\u00eb goj\u00eb.<\/p>\n<p>Tabletat e propolisit sigurojn\u00eb nj\u00eb ndjesi leht\u00ebsimi n\u00eb fyt dhe veprojn\u00eb n\u00eb sinergji me vitamin\u00ebn C, e cila kontribuon n\u00eb funksionin normal t\u00eb sistemit imunitar dhe mbron qelizat nga stresi oksidativ.<\/p>\n<p><strong>Vendi i origjin\u00ebs:<\/strong> Kroacia<\/p>\n<p><strong>Neto:<\/strong> 28,80 g (16 tableta)<\/p>\n<div id=\"attachment_5953\" style=\"width: 460px\" class=\"wp-caption alignnone\"><img loading=\"lazy\" decoding=\"async\" aria-describedby=\"caption-attachment-5953\" class=\"wp-image-5953 size-full\" src=\"http:\/\/medo-flor.hr\/mjalte\/wp-content\/uploads\/2017\/03\/propolis-500-lozenges-bar.jpg\" alt=\"Lozenges with propolis\" width=\"450\" height=\"160\" \/><p id=\"caption-attachment-5953\" class=\"wp-caption-text\">Tableta me propolis<\/p><\/div>\n","protected":false},"featured_media":3368,"comment_status":"closed","ping_status":"closed","template":"","meta":{"_et_pb_use_builder":"","_et_pb_old_content":"","_et_gb_content_width":""},"class_list":["post-3411","product","type-product","status-publish","has-post-thumbnail","hentry","product_cat-shtesa-ushqimore"],"yoast_head":"<!-- This site is optimized with the Yoast SEO plugin v16.1.1 - https:\/\/yoast.com\/wordpress\/plugins\/seo\/ -->\n<title>PROPOLIS 500 + VITAMIN C, TABLETA - Medo Flor<\/title>\n<link rel=\"canonical\" href=\"https:\/\/medo-flor.hr\/mjalte\/product\/propolis-500-vitamin-c-tableta\/\" \/>\n<meta property=\"og:locale\" content=\"sq_AL\" \/>\n<meta property=\"og:type\" content=\"article\" \/>\n<meta property=\"og:title\" content=\"PROPOLIS 500 + VITAMIN C, TABLETA - Medo Flor\" \/>\n<meta property=\"og:description\" content=\"Tabletat me propolis dhe vitamin\u00eb C treten n\u00eb goj\u00eb duke siguruar efikasitetin maksimal dhe thithjen e tyre n\u00eb goj\u00eb.  Tabletat e propolisit sigurojn\u00eb nj\u00eb ndjesi leht\u00ebsimi n\u00eb fyt dhe veprojn\u00eb n\u00eb sinergji me vitamin\u00ebn C, e cila kontribuon n\u00eb funksionin normal t\u00eb sistemit imunitar dhe mbron qelizat nga stresi oksidativ.  Vendi i origjin\u00ebs: Kroacia  Neto: 28,80 g (16 tableta)\" \/>\n<meta property=\"og:url\" content=\"https:\/\/medo-flor.hr\/mjalte\/product\/propolis-500-vitamin-c-tableta\/\" \/>\n<meta property=\"og:site_name\" content=\"Medo Flor\" \/>\n<meta property=\"article:modified_time\" content=\"2021-05-04T08:57:10+00:00\" \/>\n<meta property=\"og:image\" content=\"https:\/\/medo-flor.hr\/mjalte\/wp-content\/uploads\/2021\/04\/1-eng.png\" \/>\n\t<meta property=\"og:image:width\" content=\"500\" \/>\n\t<meta property=\"og:image:height\" content=\"500\" \/>\n<meta name=\"twitter:card\" content=\"summary_large_image\" \/>\n<meta name=\"twitter:label1\" content=\"Est. reading time\">\n\t<meta name=\"twitter:data1\" content=\"1 minut\u00eb\">\n<script type=\"application\/ld+json\" class=\"yoast-schema-graph\">{\"@context\":\"https:\/\/schema.org\",\"@graph\":[{\"@type\":\"WebSite\",\"@id\":\"https:\/\/medo-flor.hr\/mjalte\/#website\",\"url\":\"https:\/\/medo-flor.hr\/mjalte\/\",\"name\":\"Medo Flor\",\"description\":\"Doma\\u0107i proizvodi od meda\",\"potentialAction\":[{\"@type\":\"SearchAction\",\"target\":\"https:\/\/medo-flor.hr\/mjalte\/?s={search_term_string}\",\"query-input\":\"required name=search_term_string\"}],\"inLanguage\":\"sq\"},{\"@type\":\"ImageObject\",\"@id\":\"https:\/\/medo-flor.hr\/mjalte\/product\/propolis-500-vitamin-c-tableta\/#primaryimage\",\"inLanguage\":\"sq\",\"url\":\"https:\/\/medo-flor.hr\/mjalte\/wp-content\/uploads\/2021\/04\/1-eng.png\",\"contentUrl\":\"https:\/\/medo-flor.hr\/mjalte\/wp-content\/uploads\/2021\/04\/1-eng.png\",\"width\":500,\"height\":500},{\"@type\":\"WebPage\",\"@id\":\"https:\/\/medo-flor.hr\/mjalte\/product\/propolis-500-vitamin-c-tableta\/#webpage\",\"url\":\"https:\/\/medo-flor.hr\/mjalte\/product\/propolis-500-vitamin-c-tableta\/\",\"name\":\"PROPOLIS 500 + VITAMIN C, TABLETA - Medo Flor\",\"isPartOf\":{\"@id\":\"https:\/\/medo-flor.hr\/mjalte\/#website\"},\"primaryImageOfPage\":{\"@id\":\"https:\/\/medo-flor.hr\/mjalte\/product\/propolis-500-vitamin-c-tableta\/#primaryimage\"},\"datePublished\":\"2021-05-03T04:09:15+00:00\",\"dateModified\":\"2021-05-04T08:57:10+00:00\",\"breadcrumb\":{\"@id\":\"https:\/\/medo-flor.hr\/mjalte\/product\/propolis-500-vitamin-c-tableta\/#breadcrumb\"},\"inLanguage\":\"sq\",\"potentialAction\":[{\"@type\":\"ReadAction\",\"target\":[\"https:\/\/medo-flor.hr\/mjalte\/product\/propolis-500-vitamin-c-tableta\/\"]}]},{\"@type\":\"BreadcrumbList\",\"@id\":\"https:\/\/medo-flor.hr\/mjalte\/product\/propolis-500-vitamin-c-tableta\/#breadcrumb\",\"itemListElement\":[{\"@type\":\"ListItem\",\"position\":1,\"item\":{\"@type\":\"WebPage\",\"@id\":\"https:\/\/medo-flor.hr\/mjalte\/\",\"url\":\"https:\/\/medo-flor.hr\/mjalte\/\",\"name\":\"Home\"}},{\"@type\":\"ListItem\",\"position\":2,\"item\":{\"@type\":\"WebPage\",\"@id\":\"https:\/\/medo-flor.hr\/mjalte\/shop\/\",\"url\":\"https:\/\/medo-flor.hr\/mjalte\/shop\/\",\"name\":\"Shop\"}},{\"@type\":\"ListItem\",\"position\":3,\"item\":{\"@type\":\"WebPage\",\"@id\":\"https:\/\/medo-flor.hr\/mjalte\/product\/propolis-500-vitamin-c-tableta\/\",\"url\":\"https:\/\/medo-flor.hr\/mjalte\/product\/propolis-500-vitamin-c-tableta\/\",\"name\":\"PROPOLIS 500 + VITAMIN C, TABLETA\"}}]}]}<\/script>\n<!-- \/ Yoast SEO plugin. -->","_links":{"self":[{"href":"https:\/\/medo-flor.hr\/mjalte\/wp-json\/wp\/v2\/product\/3411","targetHints":{"allow":["GET"]}}],"collection":[{"href":"https:\/\/medo-flor.hr\/mjalte\/wp-json\/wp\/v2\/product"}],"about":[{"href":"https:\/\/medo-flor.hr\/mjalte\/wp-json\/wp\/v2\/types\/product"}],"replies":[{"embeddable":true,"href":"https:\/\/medo-flor.hr\/mjalte\/wp-json\/wp\/v2\/comments?post=3411"}],"wp:featuredmedia":[{"embeddable":true,"href":"https:\/\/medo-flor.hr\/mjalte\/wp-json\/wp\/v2\/media\/3368"}],"wp:attachment":[{"href":"https:\/\/medo-flor.hr\/mjalte\/wp-json\/wp\/v2\/media?parent=3411"}],"curies":[{"name":"wp","href":"https:\/\/api.w.org\/{rel}","templated":true}]}}