{"id":3413,"date":"2021-05-03T04:09:16","date_gmt":"2021-05-03T04:09:16","guid":{"rendered":"https:\/\/medo-flor.hr\/mjalte\/?post_type=product&#038;p=3413"},"modified":"2021-05-08T03:52:22","modified_gmt":"2021-05-08T03:52:22","slug":"propolis-15-pika","status":"publish","type":"product","link":"https:\/\/medo-flor.hr\/mjalte\/product\/propolis-15-pika\/","title":{"rendered":"PROPOLIS 15% PIKA"},"content":{"rendered":"<p>P\u00cbRB\u00cbR\u00cbSIT<\/p>\n<p>Etanol, uj\u00eb i past\u00ebr, propolis (prodhuar nga 4.40 g propolis).<\/p>\n<p><em>P\u00ebrb\u00ebr\u00ebsit n\u00eb doz\u00ebn e rekomanduar ditore (50 pika = 1.35 ml)<\/em><\/p>\n<p>___________<\/p>\n<table>\n<tbody>\n<tr class=\"naslov\" style=\"background:#D77709;\">\n<td style=\"color:#fff; padding-left:20px;\"><strong>P\u00cbRB\u00cbR\u00cbSIT<\/strong><\/td>\n<td  style=\"color:#fff;\"><strong>P\u00cbRB\u00cbRJA 50 pika = 1,35 ml<\/strong><\/td>\n<\/tr>\n<tr>\n<td>Propolisi<\/td>\n<td>15% (prodhuar nga 4.40 g propolis)\n<\/td>\n<\/tr>\n<\/tbody>\n<\/table>\n<p>___________<\/p>\n<p>Propolisi \u00ebsht\u00eb nj\u00eb produkt nga blet\u00ebt (nj\u00eb p\u00ebrzierje e grimcave dhe sekrecioneve q\u00eb prodhojn\u00eb blet\u00ebt). Ai sh\u00ebrben p\u00ebr dezinfektimin e koshereve t\u00eb blet\u00ebve, p\u00ebr mbylljen e plasaritjeve, shk\u00eblqimin  e celulave t\u00eb kall\u00ebpeve ku ruhet ushqimi (mjalti dhe poleni) dhe ku hedhen larvat, p\u00ebr t&#8217;u mbrojtur nga infeksioni dhe p\u00ebr balsamimin q\u00eb nuk mund t\u00eb merret nga kosheret.<\/p>\n","protected":false},"excerpt":{"rendered":"<p>Propolisi \u00ebsht\u00eb nj\u00eb produkt nga blet\u00ebt (nj\u00eb p\u00ebrzierje e grimcave dhe sekrecioneve q\u00eb prodhojn\u00eb blet\u00ebt).<\/p>\n<p>Propolisi siguron nj\u00eb ndjesi leht\u00ebsimi n\u00eb fyt.<\/p>\n<p><strong>Vendi i origjin\u00ebs:<\/strong> Kroacia<\/p>\n<p><strong>Neto:<\/strong> 20 ml<\/p>\n<div id=\"attachment_5950\" style=\"width: 460px\" class=\"wp-caption alignnone\"><img loading=\"lazy\" decoding=\"async\" aria-describedby=\"caption-attachment-5950\" class=\"wp-image-5950 size-full\" src=\"http:\/\/medo-flor.hr\/mjalte\/wp-content\/uploads\/2017\/03\/propolis-drops-bar.jpg\" alt=\"Propolis drops\" width=\"450\" height=\"160\" \/><p id=\"caption-attachment-5950\" class=\"wp-caption-text\">propolis 15% pika<\/p><\/div>\n","protected":false},"featured_media":3480,"comment_status":"closed","ping_status":"closed","template":"","meta":{"_et_pb_use_builder":"","_et_pb_old_content":"","_et_gb_content_width":""},"class_list":["post-3413","product","type-product","status-publish","has-post-thumbnail","hentry","product_cat-shtesa-ushqimore"],"yoast_head":"<!-- This site is optimized with the Yoast SEO plugin v16.1.1 - https:\/\/yoast.com\/wordpress\/plugins\/seo\/ -->\n<title>PROPOLIS 15% PIKA - Medo Flor<\/title>\n<link rel=\"canonical\" href=\"https:\/\/medo-flor.hr\/mjalte\/product\/propolis-15-pika\/\" \/>\n<meta property=\"og:locale\" content=\"sq_AL\" \/>\n<meta property=\"og:type\" content=\"article\" \/>\n<meta property=\"og:title\" content=\"PROPOLIS 15% PIKA - Medo Flor\" \/>\n<meta property=\"og:description\" content=\"Propolisi \u00ebsht\u00eb nj\u00eb produkt nga blet\u00ebt (nj\u00eb p\u00ebrzierje e grimcave dhe sekrecioneve q\u00eb prodhojn\u00eb blet\u00ebt).  Propolisi siguron nj\u00eb ndjesi leht\u00ebsimi n\u00eb fyt.  Vendi i origjin\u00ebs: Kroacia  Neto: 20 ml\" \/>\n<meta property=\"og:url\" content=\"https:\/\/medo-flor.hr\/mjalte\/product\/propolis-15-pika\/\" \/>\n<meta property=\"og:site_name\" content=\"Medo Flor\" \/>\n<meta property=\"article:modified_time\" content=\"2021-05-08T03:52:22+00:00\" \/>\n<meta property=\"og:image\" content=\"https:\/\/medo-flor.hr\/mjalte\/wp-content\/uploads\/2021\/05\/10-eng.png\" \/>\n\t<meta property=\"og:image:width\" content=\"500\" \/>\n\t<meta property=\"og:image:height\" content=\"500\" \/>\n<meta name=\"twitter:card\" content=\"summary_large_image\" \/>\n<meta name=\"twitter:label1\" content=\"Est. reading time\">\n\t<meta name=\"twitter:data1\" content=\"1 minut\u00eb\">\n<script type=\"application\/ld+json\" class=\"yoast-schema-graph\">{\"@context\":\"https:\/\/schema.org\",\"@graph\":[{\"@type\":\"WebSite\",\"@id\":\"https:\/\/medo-flor.hr\/mjalte\/#website\",\"url\":\"https:\/\/medo-flor.hr\/mjalte\/\",\"name\":\"Medo Flor\",\"description\":\"Doma\\u0107i proizvodi od meda\",\"potentialAction\":[{\"@type\":\"SearchAction\",\"target\":\"https:\/\/medo-flor.hr\/mjalte\/?s={search_term_string}\",\"query-input\":\"required name=search_term_string\"}],\"inLanguage\":\"sq\"},{\"@type\":\"ImageObject\",\"@id\":\"https:\/\/medo-flor.hr\/mjalte\/product\/propolis-15-pika\/#primaryimage\",\"inLanguage\":\"sq\",\"url\":\"https:\/\/medo-flor.hr\/mjalte\/wp-content\/uploads\/2021\/05\/10-eng.png\",\"contentUrl\":\"https:\/\/medo-flor.hr\/mjalte\/wp-content\/uploads\/2021\/05\/10-eng.png\",\"width\":500,\"height\":500},{\"@type\":\"WebPage\",\"@id\":\"https:\/\/medo-flor.hr\/mjalte\/product\/propolis-15-pika\/#webpage\",\"url\":\"https:\/\/medo-flor.hr\/mjalte\/product\/propolis-15-pika\/\",\"name\":\"PROPOLIS 15% PIKA - Medo Flor\",\"isPartOf\":{\"@id\":\"https:\/\/medo-flor.hr\/mjalte\/#website\"},\"primaryImageOfPage\":{\"@id\":\"https:\/\/medo-flor.hr\/mjalte\/product\/propolis-15-pika\/#primaryimage\"},\"datePublished\":\"2021-05-03T04:09:16+00:00\",\"dateModified\":\"2021-05-08T03:52:22+00:00\",\"breadcrumb\":{\"@id\":\"https:\/\/medo-flor.hr\/mjalte\/product\/propolis-15-pika\/#breadcrumb\"},\"inLanguage\":\"sq\",\"potentialAction\":[{\"@type\":\"ReadAction\",\"target\":[\"https:\/\/medo-flor.hr\/mjalte\/product\/propolis-15-pika\/\"]}]},{\"@type\":\"BreadcrumbList\",\"@id\":\"https:\/\/medo-flor.hr\/mjalte\/product\/propolis-15-pika\/#breadcrumb\",\"itemListElement\":[{\"@type\":\"ListItem\",\"position\":1,\"item\":{\"@type\":\"WebPage\",\"@id\":\"https:\/\/medo-flor.hr\/mjalte\/\",\"url\":\"https:\/\/medo-flor.hr\/mjalte\/\",\"name\":\"Home\"}},{\"@type\":\"ListItem\",\"position\":2,\"item\":{\"@type\":\"WebPage\",\"@id\":\"https:\/\/medo-flor.hr\/mjalte\/shop\/\",\"url\":\"https:\/\/medo-flor.hr\/mjalte\/shop\/\",\"name\":\"Shop\"}},{\"@type\":\"ListItem\",\"position\":3,\"item\":{\"@type\":\"WebPage\",\"@id\":\"https:\/\/medo-flor.hr\/mjalte\/product\/propolis-15-pika\/\",\"url\":\"https:\/\/medo-flor.hr\/mjalte\/product\/propolis-15-pika\/\",\"name\":\"PROPOLIS 15% PIKA\"}}]}]}<\/script>\n<!-- \/ Yoast SEO plugin. -->","_links":{"self":[{"href":"https:\/\/medo-flor.hr\/mjalte\/wp-json\/wp\/v2\/product\/3413","targetHints":{"allow":["GET"]}}],"collection":[{"href":"https:\/\/medo-flor.hr\/mjalte\/wp-json\/wp\/v2\/product"}],"about":[{"href":"https:\/\/medo-flor.hr\/mjalte\/wp-json\/wp\/v2\/types\/product"}],"replies":[{"embeddable":true,"href":"https:\/\/medo-flor.hr\/mjalte\/wp-json\/wp\/v2\/comments?post=3413"}],"wp:featuredmedia":[{"embeddable":true,"href":"https:\/\/medo-flor.hr\/mjalte\/wp-json\/wp\/v2\/media\/3480"}],"wp:attachment":[{"href":"https:\/\/medo-flor.hr\/mjalte\/wp-json\/wp\/v2\/media?parent=3413"}],"curies":[{"name":"wp","href":"https:\/\/api.w.org\/{rel}","templated":true}]}}