{"id":3506,"date":"2024-01-09T12:57:07","date_gmt":"2024-01-09T12:57:07","guid":{"rendered":"https:\/\/medo-flor.hr\/mjalte\/?post_type=product&#038;p=3506"},"modified":"2024-01-17T09:51:20","modified_gmt":"2024-01-17T09:51:20","slug":"mjalte-bagremi-900-g","status":"publish","type":"product","link":"https:\/\/medo-flor.hr\/mjalte\/product\/mjalte-bagremi-900-g\/","title":{"rendered":"MJALT\u00cb BAGREMI 900 g"},"content":{"rendered":"","protected":false},"excerpt":{"rendered":"<p>Mjalt\u00eb bagremi \u00ebsht\u00eb marr\u00eb nga lule t\u00eb drurit t\u00eb bagremit. Ka ngjyr\u00eb t\u00eb verdh\u00eb t\u00eb ndritshme. \u00cbsht\u00eb m\u00eb transparente nga t\u00eb gjitha llojet e mjaltit. Ka er\u00eb t\u00eb ul\u00ebt dhe shije t\u00eb k\u00ebndshme, prandaj rekomandohet p\u00ebr f\u00ebmij\u00ebt.<\/p>\n<p><strong>Vendi i origjin\u00ebs:<\/strong> Kroacia<\/p>\n<p><strong>Pesha neto:<\/strong> 900 g<\/p>\n","protected":false},"featured_media":3508,"comment_status":"closed","ping_status":"closed","template":"","meta":{"_et_pb_use_builder":"","_et_pb_old_content":"","_et_gb_content_width":""},"class_list":["post-3506","product","type-product","status-publish","has-post-thumbnail","hentry","product_cat-istaknuto","product_cat-mjalte"],"yoast_head":"<!-- This site is optimized with the Yoast SEO plugin v16.1.1 - https:\/\/yoast.com\/wordpress\/plugins\/seo\/ -->\n<title>MJALT\u00cb BAGREMI 900 g - Medo Flor<\/title>\n<link rel=\"canonical\" href=\"https:\/\/medo-flor.hr\/mjalte\/product\/mjalte-bagremi-900-g\/\" \/>\n<meta property=\"og:locale\" content=\"sq_AL\" \/>\n<meta property=\"og:type\" content=\"article\" \/>\n<meta property=\"og:title\" content=\"MJALT\u00cb BAGREMI 900 g - Medo Flor\" \/>\n<meta property=\"og:description\" content=\"Mjalt\u00eb bagremi \u00ebsht\u00eb marr\u00eb nga lule t\u00eb drurit t\u00eb bagremit. Ka ngjyr\u00eb t\u00eb verdh\u00eb t\u00eb ndritshme. \u00cbsht\u00eb m\u00eb transparente nga t\u00eb gjitha llojet e mjaltit. Ka er\u00eb t\u00eb ul\u00ebt dhe shije t\u00eb k\u00ebndshme, prandaj rekomandohet p\u00ebr f\u00ebmij\u00ebt.  Vendi i origjin\u00ebs: Kroacia  Pesha neto: 900 g\" \/>\n<meta property=\"og:url\" content=\"https:\/\/medo-flor.hr\/mjalte\/product\/mjalte-bagremi-900-g\/\" \/>\n<meta property=\"og:site_name\" content=\"Medo Flor\" \/>\n<meta property=\"article:modified_time\" content=\"2024-01-17T09:51:20+00:00\" \/>\n<meta property=\"og:image\" content=\"https:\/\/medo-flor.hr\/mjalte\/wp-content\/uploads\/2024\/01\/1-1.png\" \/>\n\t<meta property=\"og:image:width\" content=\"1050\" \/>\n\t<meta property=\"og:image:height\" content=\"1050\" \/>\n<meta name=\"twitter:card\" content=\"summary_large_image\" \/>\n<script type=\"application\/ld+json\" class=\"yoast-schema-graph\">{\"@context\":\"https:\/\/schema.org\",\"@graph\":[{\"@type\":\"WebSite\",\"@id\":\"https:\/\/medo-flor.hr\/mjalte\/#website\",\"url\":\"https:\/\/medo-flor.hr\/mjalte\/\",\"name\":\"Medo Flor\",\"description\":\"Doma\\u0107i proizvodi od meda\",\"potentialAction\":[{\"@type\":\"SearchAction\",\"target\":\"https:\/\/medo-flor.hr\/mjalte\/?s={search_term_string}\",\"query-input\":\"required name=search_term_string\"}],\"inLanguage\":\"sq\"},{\"@type\":\"ImageObject\",\"@id\":\"https:\/\/medo-flor.hr\/mjalte\/product\/mjalte-bagremi-900-g\/#primaryimage\",\"inLanguage\":\"sq\",\"url\":\"https:\/\/medo-flor.hr\/mjalte\/wp-content\/uploads\/2024\/01\/1-1.png\",\"contentUrl\":\"https:\/\/medo-flor.hr\/mjalte\/wp-content\/uploads\/2024\/01\/1-1.png\",\"width\":1050,\"height\":1050},{\"@type\":\"WebPage\",\"@id\":\"https:\/\/medo-flor.hr\/mjalte\/product\/mjalte-bagremi-900-g\/#webpage\",\"url\":\"https:\/\/medo-flor.hr\/mjalte\/product\/mjalte-bagremi-900-g\/\",\"name\":\"MJALT\\u00cb BAGREMI 900 g - Medo Flor\",\"isPartOf\":{\"@id\":\"https:\/\/medo-flor.hr\/mjalte\/#website\"},\"primaryImageOfPage\":{\"@id\":\"https:\/\/medo-flor.hr\/mjalte\/product\/mjalte-bagremi-900-g\/#primaryimage\"},\"datePublished\":\"2024-01-09T12:57:07+00:00\",\"dateModified\":\"2024-01-17T09:51:20+00:00\",\"breadcrumb\":{\"@id\":\"https:\/\/medo-flor.hr\/mjalte\/product\/mjalte-bagremi-900-g\/#breadcrumb\"},\"inLanguage\":\"sq\",\"potentialAction\":[{\"@type\":\"ReadAction\",\"target\":[\"https:\/\/medo-flor.hr\/mjalte\/product\/mjalte-bagremi-900-g\/\"]}]},{\"@type\":\"BreadcrumbList\",\"@id\":\"https:\/\/medo-flor.hr\/mjalte\/product\/mjalte-bagremi-900-g\/#breadcrumb\",\"itemListElement\":[{\"@type\":\"ListItem\",\"position\":1,\"item\":{\"@type\":\"WebPage\",\"@id\":\"https:\/\/medo-flor.hr\/mjalte\/\",\"url\":\"https:\/\/medo-flor.hr\/mjalte\/\",\"name\":\"Home\"}},{\"@type\":\"ListItem\",\"position\":2,\"item\":{\"@type\":\"WebPage\",\"@id\":\"https:\/\/medo-flor.hr\/mjalte\/shop\/\",\"url\":\"https:\/\/medo-flor.hr\/mjalte\/shop\/\",\"name\":\"Shop\"}},{\"@type\":\"ListItem\",\"position\":3,\"item\":{\"@type\":\"WebPage\",\"@id\":\"https:\/\/medo-flor.hr\/mjalte\/product\/mjalte-bagremi-900-g\/\",\"url\":\"https:\/\/medo-flor.hr\/mjalte\/product\/mjalte-bagremi-900-g\/\",\"name\":\"MJALT\\u00cb BAGREMI 900 g\"}}]}]}<\/script>\n<!-- \/ Yoast SEO plugin. -->","_links":{"self":[{"href":"https:\/\/medo-flor.hr\/mjalte\/wp-json\/wp\/v2\/product\/3506","targetHints":{"allow":["GET"]}}],"collection":[{"href":"https:\/\/medo-flor.hr\/mjalte\/wp-json\/wp\/v2\/product"}],"about":[{"href":"https:\/\/medo-flor.hr\/mjalte\/wp-json\/wp\/v2\/types\/product"}],"replies":[{"embeddable":true,"href":"https:\/\/medo-flor.hr\/mjalte\/wp-json\/wp\/v2\/comments?post=3506"}],"wp:featuredmedia":[{"embeddable":true,"href":"https:\/\/medo-flor.hr\/mjalte\/wp-json\/wp\/v2\/media\/3508"}],"wp:attachment":[{"href":"https:\/\/medo-flor.hr\/mjalte\/wp-json\/wp\/v2\/media?parent=3506"}],"curies":[{"name":"wp","href":"https:\/\/api.w.org\/{rel}","templated":true}]}}