{"id":3519,"date":"2024-01-10T10:12:15","date_gmt":"2024-01-10T10:12:15","guid":{"rendered":"https:\/\/medo-flor.hr\/mjalte\/?post_type=product&#038;p=3519"},"modified":"2024-03-06T11:50:32","modified_gmt":"2024-03-06T11:50:32","slug":"pelte-mbreterore-5","status":"publish","type":"product","link":"https:\/\/medo-flor.hr\/mjalte\/product\/pelte-mbreterore-5\/","title":{"rendered":"PELT\u00cb MBRET\u00cbRORE 5%"},"content":{"rendered":"","protected":false},"excerpt":{"rendered":"<p><strong>PRODUKT UNIK DHE ORIGJINAL KROAT<\/strong><\/p>\n<p>Pelt\u00eb mbret\u00ebrore 5% shtes\u00eb ushqimore n\u00eb mjalt\u00eb biostimulues dhe antioksidant<\/p>\n<p><strong>Q\u00ebllimi<\/strong><br \/>\nP\u00ebr t\u00eb ruajtur sh\u00ebndetin dhe p\u00ebr t\u00eb forcuar rezistenc\u00ebn e trupit.<\/p>\n<p><strong>Pesha neto<\/strong><br \/>\n250 g<\/p>\n<p><strong>Vendi i origjin\u00ebs<\/strong><br \/>\nKroacia<\/p>\n<p><strong>Distributor p\u00ebr Kosov\u00eb<\/strong><br \/>\nEmona SH.P.K &#8211; Ajet G\u00ebrguri Nr. 42 42000, Vushtrri, Kosov\u00eb<\/p>\n","protected":false},"featured_media":3523,"comment_status":"closed","ping_status":"closed","template":"","meta":{"_et_pb_use_builder":"","_et_pb_old_content":"","_et_gb_content_width":""},"class_list":["post-3519","product","type-product","status-publish","has-post-thumbnail","hentry","product_cat-istaknuto","product_cat-prvi"],"yoast_head":"<!-- This site is optimized with the Yoast SEO plugin v16.1.1 - https:\/\/yoast.com\/wordpress\/plugins\/seo\/ -->\n<title>PELT\u00cb MBRET\u00cbRORE 5% - Medo Flor<\/title>\n<link rel=\"canonical\" href=\"https:\/\/medo-flor.hr\/mjalte\/product\/pelte-mbreterore-5\/\" \/>\n<meta property=\"og:locale\" content=\"sq_AL\" \/>\n<meta property=\"og:type\" content=\"article\" \/>\n<meta property=\"og:title\" content=\"PELT\u00cb MBRET\u00cbRORE 5% - Medo Flor\" \/>\n<meta property=\"og:description\" content=\"PRODUKT UNIK DHE ORIGJINAL KROAT  Pelt\u00eb mbret\u00ebrore 5% shtes\u00eb ushqimore n\u00eb mjalt\u00eb biostimulues dhe antioksidant  Q\u00ebllimi P\u00ebr t\u00eb ruajtur sh\u00ebndetin dhe p\u00ebr t\u00eb forcuar rezistenc\u00ebn e trupit.  Pesha neto 250 g  Vendi i origjin\u00ebs Kroacia  Distributor p\u00ebr Kosov\u00eb Emona SH.P.K - Ajet G\u00ebrguri Nr. 42 42000, Vushtrri, Kosov\u00eb\" \/>\n<meta property=\"og:url\" content=\"https:\/\/medo-flor.hr\/mjalte\/product\/pelte-mbreterore-5\/\" \/>\n<meta property=\"og:site_name\" content=\"Medo Flor\" \/>\n<meta property=\"article:modified_time\" content=\"2024-03-06T11:50:32+00:00\" \/>\n<meta property=\"og:image\" content=\"https:\/\/medo-flor.hr\/mjalte\/wp-content\/uploads\/2024\/01\/obrada-slika-za-web-6.png\" \/>\n\t<meta property=\"og:image:width\" content=\"1050\" \/>\n\t<meta property=\"og:image:height\" content=\"1050\" \/>\n<meta name=\"twitter:card\" content=\"summary_large_image\" \/>\n<script type=\"application\/ld+json\" class=\"yoast-schema-graph\">{\"@context\":\"https:\/\/schema.org\",\"@graph\":[{\"@type\":\"WebSite\",\"@id\":\"https:\/\/medo-flor.hr\/mjalte\/#website\",\"url\":\"https:\/\/medo-flor.hr\/mjalte\/\",\"name\":\"Medo Flor\",\"description\":\"Doma\\u0107i proizvodi od meda\",\"potentialAction\":[{\"@type\":\"SearchAction\",\"target\":\"https:\/\/medo-flor.hr\/mjalte\/?s={search_term_string}\",\"query-input\":\"required name=search_term_string\"}],\"inLanguage\":\"sq\"},{\"@type\":\"ImageObject\",\"@id\":\"https:\/\/medo-flor.hr\/mjalte\/product\/pelte-mbreterore-5\/#primaryimage\",\"inLanguage\":\"sq\",\"url\":\"https:\/\/medo-flor.hr\/mjalte\/wp-content\/uploads\/2024\/01\/obrada-slika-za-web-6.png\",\"contentUrl\":\"https:\/\/medo-flor.hr\/mjalte\/wp-content\/uploads\/2024\/01\/obrada-slika-za-web-6.png\",\"width\":1050,\"height\":1050},{\"@type\":\"WebPage\",\"@id\":\"https:\/\/medo-flor.hr\/mjalte\/product\/pelte-mbreterore-5\/#webpage\",\"url\":\"https:\/\/medo-flor.hr\/mjalte\/product\/pelte-mbreterore-5\/\",\"name\":\"PELT\\u00cb MBRET\\u00cbRORE 5% - Medo Flor\",\"isPartOf\":{\"@id\":\"https:\/\/medo-flor.hr\/mjalte\/#website\"},\"primaryImageOfPage\":{\"@id\":\"https:\/\/medo-flor.hr\/mjalte\/product\/pelte-mbreterore-5\/#primaryimage\"},\"datePublished\":\"2024-01-10T10:12:15+00:00\",\"dateModified\":\"2024-03-06T11:50:32+00:00\",\"breadcrumb\":{\"@id\":\"https:\/\/medo-flor.hr\/mjalte\/product\/pelte-mbreterore-5\/#breadcrumb\"},\"inLanguage\":\"sq\",\"potentialAction\":[{\"@type\":\"ReadAction\",\"target\":[\"https:\/\/medo-flor.hr\/mjalte\/product\/pelte-mbreterore-5\/\"]}]},{\"@type\":\"BreadcrumbList\",\"@id\":\"https:\/\/medo-flor.hr\/mjalte\/product\/pelte-mbreterore-5\/#breadcrumb\",\"itemListElement\":[{\"@type\":\"ListItem\",\"position\":1,\"item\":{\"@type\":\"WebPage\",\"@id\":\"https:\/\/medo-flor.hr\/mjalte\/\",\"url\":\"https:\/\/medo-flor.hr\/mjalte\/\",\"name\":\"Home\"}},{\"@type\":\"ListItem\",\"position\":2,\"item\":{\"@type\":\"WebPage\",\"@id\":\"https:\/\/medo-flor.hr\/mjalte\/shop\/\",\"url\":\"https:\/\/medo-flor.hr\/mjalte\/shop\/\",\"name\":\"Shop\"}},{\"@type\":\"ListItem\",\"position\":3,\"item\":{\"@type\":\"WebPage\",\"@id\":\"https:\/\/medo-flor.hr\/mjalte\/product\/pelte-mbreterore-5\/\",\"url\":\"https:\/\/medo-flor.hr\/mjalte\/product\/pelte-mbreterore-5\/\",\"name\":\"PELT\\u00cb MBRET\\u00cbRORE 5%\"}}]}]}<\/script>\n<!-- \/ Yoast SEO plugin. -->","_links":{"self":[{"href":"https:\/\/medo-flor.hr\/mjalte\/wp-json\/wp\/v2\/product\/3519","targetHints":{"allow":["GET"]}}],"collection":[{"href":"https:\/\/medo-flor.hr\/mjalte\/wp-json\/wp\/v2\/product"}],"about":[{"href":"https:\/\/medo-flor.hr\/mjalte\/wp-json\/wp\/v2\/types\/product"}],"replies":[{"embeddable":true,"href":"https:\/\/medo-flor.hr\/mjalte\/wp-json\/wp\/v2\/comments?post=3519"}],"wp:featuredmedia":[{"embeddable":true,"href":"https:\/\/medo-flor.hr\/mjalte\/wp-json\/wp\/v2\/media\/3523"}],"wp:attachment":[{"href":"https:\/\/medo-flor.hr\/mjalte\/wp-json\/wp\/v2\/media?parent=3519"}],"curies":[{"name":"wp","href":"https:\/\/api.w.org\/{rel}","templated":true}]}}